{"id":28781,"date":"2018-04-05T13:58:21","date_gmt":"2018-04-05T11:58:21","guid":{"rendered":"http:\/\/schreinereigeorgmueller.de\/?page_id=28781"},"modified":"2018-04-18T18:55:13","modified_gmt":"2018-04-18T16:55:13","slug":"scamillus","status":"publish","type":"page","link":"https:\/\/schreinereigeorgmueller.de\/index.php\/scamillus\/","title":{"rendered":"Scamillus"},"content":{"rendered":"<p>[et_pb_section bb_built=&#8220;1&#8243; background_color=&#8220;rgba(94,94,94,0.37)&#8220; fullwidth=&#8220;on&#8220; custom_padding_last_edited=&#8220;on|desktop&#8220; _builder_version=&#8220;3.0.96&#8243; use_background_color_gradient=&#8220;on&#8220; background_color_gradient_start=&#8220;#540505&#8243; background_color_gradient_end=&#8220;#961212&#8243; background_image=&#8220;http:\/\/schreinereigeorgmueller.de\/wp-content\/uploads\/2018\/04\/Bildschirmfoto-2018-04-05-um-14.44.25.png&#8220; allow_player_pause=&#8220;on&#8220; custom_padding_tablet=&#8220;50px|0|50px|0&#8243; disabled=&#8220;off&#8220; disabled_on=&#8220;on|on|&#8220;][et_pb_fullwidth_header title=&#8220;Scamillus&#8220; text_orientation=&#8220;center&#8220; header_fullscreen=&#8220;on&#8220; header_scroll_down=&#8220;on&#8220; scroll_down_icon=&#8220;%%0%%&#8220; scroll_down_icon_color=&#8220;#ffffff&#8220; background_overlay_color=&#8220;rgba(0,0,0,0.0)&#8220; title_font_color=&#8220;#ffffff&#8220; subhead_font_color=&#8220;#333333&#8243; content_font_color=&#8220;#cdbfa1&#8243; _builder_version=&#8220;3.0.96&#8243; title_font=&#8220;Raleway Light||&#8220; title_font_size=&#8220;70px&#8220; title_text_color=&#8220;#ffffff&#8220; content_font=&#8220;|on|&#8220; content_font_size=&#8220;16px&#8220; content_text_color=&#8220;#cdbfa1&#8243; subhead_text_color=&#8220;#333333&#8243; background_color=&#8220;rgba(255,255,255,0.0)&#8220; parallax=&#8220;on&#8220; parallax_method=&#8220;on&#8220; saved_tabs=&#8220;all&#8220;]<\/p>\n<p><span style=\"color: #ffffff;\">Schreinerei &#8211; Georg M\u00fcller<\/span><\/p>\n<p>[\/et_pb_fullwidth_header][\/et_pb_section][et_pb_section bb_built=&#8220;1&#8243; fullwidth=&#8220;on&#8220; disabled_on=&#8220;off|off|on&#8220; _builder_version=&#8220;3.0.96&#8243; background_image=&#8220;http:\/\/schreinereigeorgmueller.de\/wp-content\/uploads\/2018\/04\/Bildschirmfoto-2018-04-05-um-14.44.25.png&#8220;][et_pb_fullwidth_header text_orientation=&#8220;center&#8220; header_fullscreen=&#8220;on&#8220; header_scroll_down=&#8220;on&#8220; scroll_down_icon=&#8220;%%0%%&#8220; scroll_down_icon_color=&#8220;#ffffff&#8220; background_overlay_color=&#8220;rgba(0,0,0,0.0)&#8220; _builder_version=&#8220;3.0.96&#8243; title_font=&#8220;Raleway Light||&#8220; title_font_size=&#8220;70px&#8220; title_text_color=&#8220;#ffffff&#8220; content_font=&#8220;|on|&#8220; content_font_size=&#8220;16px&#8220; content_text_color=&#8220;#cdbfa1&#8243; subhead_text_color=&#8220;#333333&#8243; background_color=&#8220;rgba(255,255,255,0.0)&#8220; parallax=&#8220;on&#8220; parallax_method=&#8220;on&#8220; saved_tabs=&#8220;all&#8220; image_orientation=&#8220;center&#8220; background_layout=&#8220;light&#8220; content_orientation=&#8220;center&#8220; custom_button_two=&#8220;off&#8220; button_two_icon_placement=&#8220;right&#8220; custom_button_one=&#8220;off&#8220; button_one_icon_placement=&#8220;right&#8220;]<\/p>\n<h4><span style=\"color: #ffffff; font-size: xx-large; font-family: inherit; font-weight: normal;\">Scamillus<\/span><\/h4>\n<h2><span style=\"font-family: inherit; font-weight: normal; color: #ffffff; font-size: small;\">Schreinerei &#8211; Georg M\u00fcller<\/span><\/h2>\n<p>[\/et_pb_fullwidth_header][\/et_pb_section][et_pb_section bb_built=&#8220;1&#8243; _builder_version=&#8220;3.0.96&#8243;][et_pb_row _builder_version=&#8220;3.0.96&#8243;][et_pb_column type=&#8220;2_3&#8243;][et_pb_text _builder_version=&#8220;3.0.96&#8243;]<\/p>\n<p><span style=\"font-size: xx-large;\">Scamillus<\/span><\/p>\n<p><span style=\"font-size: large;\">Viel zu Schade f\u00fcr die Alm<\/span><\/p>\n<p>Die Schreinerei Georg M\u00fcller fertigt in zusammenarbeit mit <a href=\"http:\/\/www.mherweg.de\/Startseite_mherweg_design.html\">mherweg<\/a> die salonreife Version eines alpinen Standardm\u00f6bels. &#8222;Scamillus&#8220; nennen der Architekt Markus Herweg und der Schreinermeister Georg M\u00fcller das erste Produkt ihrer Kooperation. Sie fertigen die massive Holzbank nach Tiroler Vorbild in drei Holzsorten: In Eiche ist sie nahezu unverw\u00fcstlich, in L\u00e4rche bestens geeignet f\u00fcr den Garten und in Douglasienholz mit seiner kr\u00e4ftigen r\u00f6tlichen Maserung wohl am sch\u00f6nsten. Tich und Bank &#8222;Scamillus&#8220;, bis 2,50 Meter lang, k\u00f6nnen sie bei uns erwerben. Melden sie sich gerne telefonisch bei uns oder schreiben sie uns eine <a href=\"mailto:%20schreinerei.mueller@netcologne.de\">E-Mail<\/a>.<\/p>\n<p>[\/et_pb_text][\/et_pb_column][et_pb_column type=&#8220;1_3&#8243;][et_pb_image src=&#8220;http:\/\/schreinereigeorgmueller.de\/wp-content\/uploads\/2018\/04\/image-11-2.jpg&#8220; _builder_version=&#8220;3.0.96&#8243;]<\/p>\n<p>&nbsp;<\/p>\n<p>[\/et_pb_image][\/et_pb_column][\/et_pb_row][et_pb_row _builder_version=&#8220;3.0.96&#8243;][et_pb_column type=&#8220;4_4&#8243;][et_pb_gallery gallery_ids=&#8220;28794,28785,28788,28793,28790,28784&#8243; gallery_captions=&#8220;,,,,,&#8220; posts_number=&#8220;80&#8243; show_title_and_caption=&#8220;off&#8220; show_pagination=&#8220;off&#8220; zoom_icon_color=&#8220;rgba(178,30,23,0)&#8220; hover_overlay_color=&#8220;rgba(255,255,255,0.4)&#8220; _builder_version=&#8220;3.0.96&#8243; caption_font=&#8220;||||||||&#8220;]<\/p>\n<p>&nbsp;<\/p>\n<p>[\/et_pb_gallery][\/et_pb_column][\/et_pb_row][et_pb_row _builder_version=&#8220;3.0.96&#8243;][et_pb_column type=&#8220;1_3&#8243;][\/et_pb_column][et_pb_column type=&#8220;1_3&#8243;][\/et_pb_column][et_pb_column type=&#8220;1_3&#8243;][et_pb_button button_url=&#8220;http:\/\/schreinereigeorgmueller.de\/index.php\/startseite&#8220; button_text=&#8220;zur\u00fcck&#8220; _builder_version=&#8220;3.0.96&#8243;]<\/p>\n<p>&nbsp;<\/p>\n<p>[\/et_pb_button][\/et_pb_column][\/et_pb_row][\/et_pb_section][et_pb_section bb_built=&#8220;1&#8243; background_color=&#8220;#61646c&#8220; custom_padding_last_edited=&#8220;on|desktop&#8220; _builder_version=&#8220;3.0.47&#8243; custom_padding_tablet=&#8220;50px|0|50px|0&#8243; transparent_background=&#8220;off&#8220; padding_mobile=&#8220;off&#8220;][et_pb_row padding_mobile=&#8220;off&#8220; background_color=&#8220;rgba(0,0,0,0)&#8220; background_color_1=&#8220;rgba(0,0,0,0)&#8220; _builder_version=&#8220;3.0.47&#8243; background_size=&#8220;initial&#8220; background_position=&#8220;top_left&#8220; background_repeat=&#8220;repeat&#8220;][et_pb_column type=&#8220;4_4&#8243;][et_pb_text _builder_version=&#8220;3.0.47&#8243; text_text_color=&#8220;#d7d8d2&#8243; background_size=&#8220;initial&#8220; background_position=&#8220;top_left&#8220; background_repeat=&#8220;repeat&#8220; text_orientation=&#8220;center&#8220; module_alignment=&#8220;center&#8220; custom_css_main_element=&#8220;max-width: 680px; margin: auto;&#8220; use_border_color=&#8220;off&#8220; border_color=&#8220;#ffffff&#8220; border_style=&#8220;solid&#8220;]<\/p>\n<h2 style=\"color: #f5f5f2;\">Bei Fragen melden Sie sich gerne bei uns.<\/h2>\n<p>&nbsp;<\/p>\n<p>Telefonnummer: <strong>0221 970 12 46<\/strong><\/p>\n<p>E-Mail: <a href=\"mailto:%20schreinerei.mueller@netcologne.de\">schreinerei.mueller@netcologne.de<\/a><\/p>\n<p><a href=\"..\/impressum\">IMPRESSUM<\/a><\/p>\n<p>[\/et_pb_text][\/et_pb_column][\/et_pb_row][\/et_pb_section]<\/p>\n","protected":false},"excerpt":{"rendered":"<p>Schreinerei &#8211; Georg M\u00fcller Scamillus Schreinerei &#8211; Georg M\u00fcller Scamillus Viel zu Schade f\u00fcr die Alm Die Schreinerei Georg M\u00fcller fertigt in zusammenarbeit mit mherweg die salonreife Version eines alpinen Standardm\u00f6bels. &#8222;Scamillus&#8220; nennen der Architekt Markus Herweg und der Schreinermeister Georg M\u00fcller das erste Produkt ihrer Kooperation. Sie fertigen die massive Holzbank nach Tiroler Vorbild [&hellip;]<\/p>\n","protected":false},"author":1,"featured_media":0,"parent":0,"menu_order":0,"comment_status":"closed","ping_status":"closed","template":"","meta":{"_et_pb_use_builder":"on","_et_pb_old_content":"","_et_gb_content_width":"","footnotes":""},"class_list":["post-28781","page","type-page","status-publish","hentry"],"yoast_head":"<!-- This site is optimized with the Yoast SEO plugin v24.4 - https:\/\/yoast.com\/wordpress\/plugins\/seo\/ -->\n<title>Scamillus - Schreinerei Georg M\u00fcller<\/title>\n<meta name=\"robots\" content=\"index, follow, max-snippet:-1, max-image-preview:large, max-video-preview:-1\" \/>\n<link rel=\"canonical\" href=\"https:\/\/schreinereigeorgmueller.de\/index.php\/scamillus\/\" \/>\n<meta property=\"og:locale\" content=\"de_DE\" \/>\n<meta property=\"og:type\" content=\"article\" \/>\n<meta property=\"og:title\" content=\"Scamillus - Schreinerei Georg M\u00fcller\" \/>\n<meta property=\"og:description\" content=\"Schreinerei - Georg M\u00fcller Scamillus Schreinerei - Georg M\u00fcller Scamillus Viel zu Schade f\u00fcr die Alm Die Schreinerei Georg M\u00fcller fertigt in zusammenarbeit mit mherweg die salonreife Version eines alpinen Standardm\u00f6bels. &quot;Scamillus&quot; nennen der Architekt Markus Herweg und der Schreinermeister Georg M\u00fcller das erste Produkt ihrer Kooperation. Sie fertigen die massive Holzbank nach Tiroler Vorbild [&hellip;]\" \/>\n<meta property=\"og:url\" content=\"https:\/\/schreinereigeorgmueller.de\/index.php\/scamillus\/\" \/>\n<meta property=\"og:site_name\" content=\"Schreinerei Georg M\u00fcller\" \/>\n<meta property=\"article:modified_time\" content=\"2018-04-18T16:55:13+00:00\" \/>\n<meta name=\"twitter:card\" content=\"summary_large_image\" \/>\n<meta name=\"twitter:label1\" content=\"Gesch\u00e4tzte Lesezeit\" \/>\n\t<meta name=\"twitter:data1\" content=\"3\u00a0Minuten\" \/>\n<script type=\"application\/ld+json\" class=\"yoast-schema-graph\">{\"@context\":\"https:\/\/schema.org\",\"@graph\":[{\"@type\":\"WebPage\",\"@id\":\"https:\/\/schreinereigeorgmueller.de\/index.php\/scamillus\/\",\"url\":\"https:\/\/schreinereigeorgmueller.de\/index.php\/scamillus\/\",\"name\":\"Scamillus - Schreinerei Georg M\u00fcller\",\"isPartOf\":{\"@id\":\"http:\/\/schreinereigeorgmueller.de\/#website\"},\"datePublished\":\"2018-04-05T11:58:21+00:00\",\"dateModified\":\"2018-04-18T16:55:13+00:00\",\"breadcrumb\":{\"@id\":\"https:\/\/schreinereigeorgmueller.de\/index.php\/scamillus\/#breadcrumb\"},\"inLanguage\":\"de\",\"potentialAction\":[{\"@type\":\"ReadAction\",\"target\":[\"https:\/\/schreinereigeorgmueller.de\/index.php\/scamillus\/\"]}]},{\"@type\":\"BreadcrumbList\",\"@id\":\"https:\/\/schreinereigeorgmueller.de\/index.php\/scamillus\/#breadcrumb\",\"itemListElement\":[{\"@type\":\"ListItem\",\"position\":1,\"name\":\"Startseite\",\"item\":\"http:\/\/schreinereigeorgmueller.de\/\"},{\"@type\":\"ListItem\",\"position\":2,\"name\":\"Scamillus\"}]},{\"@type\":\"WebSite\",\"@id\":\"http:\/\/schreinereigeorgmueller.de\/#website\",\"url\":\"http:\/\/schreinereigeorgmueller.de\/\",\"name\":\"Schreinerei Georg M\u00fcller\",\"description\":\"Schreinerei M\u00fcller im K\u00f6lner Norden\",\"publisher\":{\"@id\":\"http:\/\/schreinereigeorgmueller.de\/#organization\"},\"potentialAction\":[{\"@type\":\"SearchAction\",\"target\":{\"@type\":\"EntryPoint\",\"urlTemplate\":\"http:\/\/schreinereigeorgmueller.de\/?s={search_term_string}\"},\"query-input\":{\"@type\":\"PropertyValueSpecification\",\"valueRequired\":true,\"valueName\":\"search_term_string\"}}],\"inLanguage\":\"de\"},{\"@type\":\"Organization\",\"@id\":\"http:\/\/schreinereigeorgmueller.de\/#organization\",\"name\":\"Schreinerei Georg M\u00fcller\",\"url\":\"http:\/\/schreinereigeorgmueller.de\/\",\"logo\":{\"@type\":\"ImageObject\",\"inLanguage\":\"de\",\"@id\":\"http:\/\/schreinereigeorgmueller.de\/#\/schema\/logo\/image\/\",\"url\":\"https:\/\/schreinereigeorgmueller.de\/wp-content\/uploads\/2018\/03\/logo_georg.png\",\"contentUrl\":\"https:\/\/schreinereigeorgmueller.de\/wp-content\/uploads\/2018\/03\/logo_georg.png\",\"width\":494,\"height\":85,\"caption\":\"Schreinerei Georg M\u00fcller\"},\"image\":{\"@id\":\"http:\/\/schreinereigeorgmueller.de\/#\/schema\/logo\/image\/\"}}]}<\/script>\n<!-- \/ Yoast SEO plugin. -->","yoast_head_json":{"title":"Scamillus - Schreinerei Georg M\u00fcller","robots":{"index":"index","follow":"follow","max-snippet":"max-snippet:-1","max-image-preview":"max-image-preview:large","max-video-preview":"max-video-preview:-1"},"canonical":"https:\/\/schreinereigeorgmueller.de\/index.php\/scamillus\/","og_locale":"de_DE","og_type":"article","og_title":"Scamillus - Schreinerei Georg M\u00fcller","og_description":"Schreinerei - Georg M\u00fcller Scamillus Schreinerei - Georg M\u00fcller Scamillus Viel zu Schade f\u00fcr die Alm Die Schreinerei Georg M\u00fcller fertigt in zusammenarbeit mit mherweg die salonreife Version eines alpinen Standardm\u00f6bels. \"Scamillus\" nennen der Architekt Markus Herweg und der Schreinermeister Georg M\u00fcller das erste Produkt ihrer Kooperation. Sie fertigen die massive Holzbank nach Tiroler Vorbild [&hellip;]","og_url":"https:\/\/schreinereigeorgmueller.de\/index.php\/scamillus\/","og_site_name":"Schreinerei Georg M\u00fcller","article_modified_time":"2018-04-18T16:55:13+00:00","twitter_card":"summary_large_image","twitter_misc":{"Gesch\u00e4tzte Lesezeit":"3\u00a0Minuten"},"schema":{"@context":"https:\/\/schema.org","@graph":[{"@type":"WebPage","@id":"https:\/\/schreinereigeorgmueller.de\/index.php\/scamillus\/","url":"https:\/\/schreinereigeorgmueller.de\/index.php\/scamillus\/","name":"Scamillus - Schreinerei Georg M\u00fcller","isPartOf":{"@id":"http:\/\/schreinereigeorgmueller.de\/#website"},"datePublished":"2018-04-05T11:58:21+00:00","dateModified":"2018-04-18T16:55:13+00:00","breadcrumb":{"@id":"https:\/\/schreinereigeorgmueller.de\/index.php\/scamillus\/#breadcrumb"},"inLanguage":"de","potentialAction":[{"@type":"ReadAction","target":["https:\/\/schreinereigeorgmueller.de\/index.php\/scamillus\/"]}]},{"@type":"BreadcrumbList","@id":"https:\/\/schreinereigeorgmueller.de\/index.php\/scamillus\/#breadcrumb","itemListElement":[{"@type":"ListItem","position":1,"name":"Startseite","item":"http:\/\/schreinereigeorgmueller.de\/"},{"@type":"ListItem","position":2,"name":"Scamillus"}]},{"@type":"WebSite","@id":"http:\/\/schreinereigeorgmueller.de\/#website","url":"http:\/\/schreinereigeorgmueller.de\/","name":"Schreinerei Georg M\u00fcller","description":"Schreinerei M\u00fcller im K\u00f6lner Norden","publisher":{"@id":"http:\/\/schreinereigeorgmueller.de\/#organization"},"potentialAction":[{"@type":"SearchAction","target":{"@type":"EntryPoint","urlTemplate":"http:\/\/schreinereigeorgmueller.de\/?s={search_term_string}"},"query-input":{"@type":"PropertyValueSpecification","valueRequired":true,"valueName":"search_term_string"}}],"inLanguage":"de"},{"@type":"Organization","@id":"http:\/\/schreinereigeorgmueller.de\/#organization","name":"Schreinerei Georg M\u00fcller","url":"http:\/\/schreinereigeorgmueller.de\/","logo":{"@type":"ImageObject","inLanguage":"de","@id":"http:\/\/schreinereigeorgmueller.de\/#\/schema\/logo\/image\/","url":"https:\/\/schreinereigeorgmueller.de\/wp-content\/uploads\/2018\/03\/logo_georg.png","contentUrl":"https:\/\/schreinereigeorgmueller.de\/wp-content\/uploads\/2018\/03\/logo_georg.png","width":494,"height":85,"caption":"Schreinerei Georg M\u00fcller"},"image":{"@id":"http:\/\/schreinereigeorgmueller.de\/#\/schema\/logo\/image\/"}}]}},"_links":{"self":[{"href":"https:\/\/schreinereigeorgmueller.de\/index.php\/wp-json\/wp\/v2\/pages\/28781","targetHints":{"allow":["GET"]}}],"collection":[{"href":"https:\/\/schreinereigeorgmueller.de\/index.php\/wp-json\/wp\/v2\/pages"}],"about":[{"href":"https:\/\/schreinereigeorgmueller.de\/index.php\/wp-json\/wp\/v2\/types\/page"}],"author":[{"embeddable":true,"href":"https:\/\/schreinereigeorgmueller.de\/index.php\/wp-json\/wp\/v2\/users\/1"}],"replies":[{"embeddable":true,"href":"https:\/\/schreinereigeorgmueller.de\/index.php\/wp-json\/wp\/v2\/comments?post=28781"}],"version-history":[{"count":11,"href":"https:\/\/schreinereigeorgmueller.de\/index.php\/wp-json\/wp\/v2\/pages\/28781\/revisions"}],"predecessor-version":[{"id":28919,"href":"https:\/\/schreinereigeorgmueller.de\/index.php\/wp-json\/wp\/v2\/pages\/28781\/revisions\/28919"}],"wp:attachment":[{"href":"https:\/\/schreinereigeorgmueller.de\/index.php\/wp-json\/wp\/v2\/media?parent=28781"}],"curies":[{"name":"wp","href":"https:\/\/api.w.org\/{rel}","templated":true}]}}