{"id":28610,"date":"2018-04-03T20:32:15","date_gmt":"2018-04-03T18:32:15","guid":{"rendered":"http:\/\/schreinereigeorgmueller.de\/?page_id=28610"},"modified":"2019-07-27T11:10:17","modified_gmt":"2019-07-27T09:10:17","slug":"innen_ausen","status":"publish","type":"page","link":"http:\/\/schreinereigeorgmueller.de\/index.php\/innen_ausen\/","title":{"rendered":"Unterseite Innen und Au\u00dfen"},"content":{"rendered":"<p>[et_pb_section fb_built=&#8220;1&#8243; fullwidth=&#8220;on&#8220; custom_padding_last_edited=&#8220;on|desktop&#8220; disabled_on=&#8220;on|on|&#8220; _builder_version=&#8220;3.22&#8243; background_color=&#8220;rgba(94,94,94,0.37)&#8220; use_background_color_gradient=&#8220;on&#8220; background_color_gradient_start=&#8220;#540505&#8243; background_color_gradient_end=&#8220;#961212&#8243; background_image=&#8220;http:\/\/schreinereigeorgmueller.de\/wp-content\/uploads\/2018\/04\/pexels-photo-269063.jpg&#8220; allow_player_pause=&#8220;on&#8220; custom_padding_tablet=&#8220;50px|0|50px|0&#8243;][et_pb_fullwidth_header title=&#8220;Innen &#038; Au\u00dfenbereich&#8220; text_orientation=&#8220;center&#8220; header_fullscreen=&#8220;on&#8220; header_scroll_down=&#8220;on&#8220; scroll_down_icon=&#8220;%%0%%&#8220; scroll_down_icon_color=&#8220;#ffffff&#8220; background_overlay_color=&#8220;rgba(0,0,0,0.0)&#8220; title_font_color=&#8220;#ffffff&#8220; subhead_font_color=&#8220;#333333&#8243; content_font_color=&#8220;#cdbfa1&#8243; _builder_version=&#8220;3.16&#8243; title_font=&#8220;Raleway Light||&#8220; title_text_color=&#8220;#ffffff&#8220; title_font_size=&#8220;70px&#8220; content_font=&#8220;|on|&#8220; content_text_color=&#8220;#cdbfa1&#8243; content_font_size=&#8220;16px&#8220; subhead_text_color=&#8220;#333333&#8243; background_color=&#8220;rgba(255,255,255,0.0)&#8220; parallax=&#8220;on&#8220; parallax_method=&#8220;on&#8220; background_layout=&#8220;light&#8220; saved_tabs=&#8220;all&#8220; button_one_text_size__hover_enabled=&#8220;off&#8220; button_two_text_size__hover_enabled=&#8220;off&#8220; button_one_text_color__hover_enabled=&#8220;off&#8220; button_two_text_color__hover_enabled=&#8220;off&#8220; button_one_border_width__hover_enabled=&#8220;off&#8220; button_two_border_width__hover_enabled=&#8220;off&#8220; button_one_border_color__hover_enabled=&#8220;off&#8220; button_two_border_color__hover_enabled=&#8220;off&#8220; button_one_border_radius__hover_enabled=&#8220;off&#8220; button_two_border_radius__hover_enabled=&#8220;off&#8220; button_one_letter_spacing__hover_enabled=&#8220;off&#8220; button_two_letter_spacing__hover_enabled=&#8220;off&#8220; button_one_bg_color__hover_enabled=&#8220;off&#8220; button_two_bg_color__hover_enabled=&#8220;off&#8220;]<span style=\"color: #ffffff;\">Schreinerei &#8211; Georg M\u00fcller<\/span><br \/>\n[\/et_pb_fullwidth_header][\/et_pb_section][et_pb_section fb_built=&#8220;1&#8243; fullwidth=&#8220;on&#8220; disabled_on=&#8220;off|off|on&#8220; _builder_version=&#8220;3.22&#8243; background_image=&#8220;http:\/\/schreinereigeorgmueller.de\/wp-content\/uploads\/2018\/04\/pexels-photo-269063.jpg&#8220;][et_pb_fullwidth_header text_orientation=&#8220;center&#8220; header_fullscreen=&#8220;on&#8220; header_scroll_down=&#8220;on&#8220; scroll_down_icon=&#8220;%%0%%&#8220; scroll_down_icon_color=&#8220;#ffffff&#8220; background_overlay_color=&#8220;rgba(0,0,0,0.0)&#8220; _builder_version=&#8220;3.16&#8243; title_font=&#8220;Raleway Light||&#8220; title_text_color=&#8220;#ffffff&#8220; title_font_size=&#8220;70px&#8220; content_font=&#8220;|on|&#8220; content_text_color=&#8220;#cdbfa1&#8243; content_font_size=&#8220;16px&#8220; subhead_text_color=&#8220;#333333&#8243; background_color=&#8220;rgba(255,255,255,0.0)&#8220; parallax=&#8220;on&#8220; parallax_method=&#8220;on&#8220; background_layout=&#8220;light&#8220; saved_tabs=&#8220;all&#8220; button_one_text_size__hover_enabled=&#8220;off&#8220; button_two_text_size__hover_enabled=&#8220;off&#8220; button_one_text_color__hover_enabled=&#8220;off&#8220; button_two_text_color__hover_enabled=&#8220;off&#8220; button_one_border_width__hover_enabled=&#8220;off&#8220; button_two_border_width__hover_enabled=&#8220;off&#8220; button_one_border_color__hover_enabled=&#8220;off&#8220; button_two_border_color__hover_enabled=&#8220;off&#8220; button_one_border_radius__hover_enabled=&#8220;off&#8220; button_two_border_radius__hover_enabled=&#8220;off&#8220; button_one_letter_spacing__hover_enabled=&#8220;off&#8220; button_two_letter_spacing__hover_enabled=&#8220;off&#8220; button_one_bg_color__hover_enabled=&#8220;off&#8220; button_two_bg_color__hover_enabled=&#8220;off&#8220;]<\/p>\n<h4><span style=\"color: #ffffff; font-size: xx-large; font-family: inherit; font-weight: normal;\">Innen &amp; Au\u00dfen<\/span><\/h4>\n<h2><span style=\"font-family: inherit; font-weight: normal; color: #ffffff; font-size: small;\">Schreinerei &#8211; Georg M\u00fcller<\/span><\/h2>\n<p>[\/et_pb_fullwidth_header][\/et_pb_section][et_pb_section fb_built=&#8220;1&#8243; _builder_version=&#8220;3.22&#8243;][et_pb_row _builder_version=&#8220;3.25&#8243;][et_pb_column type=&#8220;4_4&#8243; _builder_version=&#8220;3.25&#8243; custom_padding=&#8220;|||&#8220; custom_padding__hover=&#8220;|||&#8220;][et_pb_gallery gallery_ids=&#8220;28959,28963,28967,28961,28618,28620,28621,28625,28631,28642,28962,28643,28615,28634,28652,28653,28671,28641,28648,28654,28676,28675,28616,28617,28619,28622,28624,28626,28627,28628,28629,28633,28635,28637,28638,28639,28640,28644,28645,28646,28647,28649,28651,28657,28658,28660,28661,28662,28665,28666,28669,28672,28677,28681,28687,28688,28689,28682,28690,28691,28692,28693,28694&#8243; gallery_captions=&#8220;,,,,,,,,,,,,,,,,,,,,,,,,,,,,,,,,,,,,,,,,,,,,,,,,,,,,,,,,,,,&#8220; posts_number=&#8220;80&#8243; show_title_and_caption=&#8220;off&#8220; show_pagination=&#8220;off&#8220; zoom_icon_color=&#8220;rgba(178,30,23,0)&#8220; hover_overlay_color=&#8220;rgba(255,255,255,0.4)&#8220; _builder_version=&#8220;3.26.3&#8243; caption_font=&#8220;||||||||&#8220;]\u00a0<br \/>\n[\/et_pb_gallery][\/et_pb_column][\/et_pb_row][et_pb_row column_structure=&#8220;1_3,1_3,1_3&#8243; _builder_version=&#8220;3.25&#8243;][et_pb_column type=&#8220;1_3&#8243; _builder_version=&#8220;3.25&#8243; custom_padding=&#8220;|||&#8220; custom_padding__hover=&#8220;|||&#8220;][\/et_pb_column][et_pb_column type=&#8220;1_3&#8243; _builder_version=&#8220;3.25&#8243; custom_padding=&#8220;|||&#8220; custom_padding__hover=&#8220;|||&#8220;][\/et_pb_column][et_pb_column type=&#8220;1_3&#8243; _builder_version=&#8220;3.25&#8243; custom_padding=&#8220;|||&#8220; custom_padding__hover=&#8220;|||&#8220;][et_pb_button button_url=&#8220;http:\/\/schreinereigeorgmueller.de\/index.php\/startseite&#8220; button_text=&#8220;zur\u00fcck&#8220; _builder_version=&#8220;3.16&#8243; button_text_size__hover_enabled=&#8220;off&#8220; button_one_text_size__hover_enabled=&#8220;off&#8220; button_two_text_size__hover_enabled=&#8220;off&#8220; button_text_color__hover_enabled=&#8220;off&#8220; button_one_text_color__hover_enabled=&#8220;off&#8220; button_two_text_color__hover_enabled=&#8220;off&#8220; button_border_width__hover_enabled=&#8220;off&#8220; button_one_border_width__hover_enabled=&#8220;off&#8220; button_two_border_width__hover_enabled=&#8220;off&#8220; button_border_color__hover_enabled=&#8220;off&#8220; button_one_border_color__hover_enabled=&#8220;off&#8220; button_two_border_color__hover_enabled=&#8220;off&#8220; button_border_radius__hover_enabled=&#8220;off&#8220; button_one_border_radius__hover_enabled=&#8220;off&#8220; button_two_border_radius__hover_enabled=&#8220;off&#8220; button_letter_spacing__hover_enabled=&#8220;off&#8220; button_one_letter_spacing__hover_enabled=&#8220;off&#8220; button_two_letter_spacing__hover_enabled=&#8220;off&#8220; button_bg_color__hover_enabled=&#8220;off&#8220; button_one_bg_color__hover_enabled=&#8220;off&#8220; button_two_bg_color__hover_enabled=&#8220;off&#8220;]\u00a0<br \/>\n[\/et_pb_button][\/et_pb_column][\/et_pb_row][\/et_pb_section][et_pb_section fb_built=&#8220;1&#8243; custom_padding_last_edited=&#8220;on|desktop&#8220; _builder_version=&#8220;3.22&#8243; background_color=&#8220;#61646c&#8220; custom_padding_tablet=&#8220;50px|0|50px|0&#8243; transparent_background=&#8220;off&#8220; padding_mobile=&#8220;off&#8220;][et_pb_row padding_mobile=&#8220;off&#8220; _builder_version=&#8220;3.25&#8243; background_color=&#8220;rgba(0,0,0,0)&#8220; background_size=&#8220;initial&#8220; background_position=&#8220;top_left&#8220; background_repeat=&#8220;repeat&#8220;][et_pb_column type=&#8220;4_4&#8243; _builder_version=&#8220;3.25&#8243; background_color=&#8220;rgba(0,0,0,0)&#8220; custom_padding=&#8220;|||&#8220; custom_padding__hover=&#8220;|||&#8220;][et_pb_text _builder_version=&#8220;3.0.87&#8243; text_text_color=&#8220;#d7d8d2&#8243; background_size=&#8220;initial&#8220; background_position=&#8220;top_left&#8220; background_repeat=&#8220;repeat&#8220; text_orientation=&#8220;center&#8220; module_alignment=&#8220;center&#8220; custom_css_main_element=&#8220;max-width: 680px; margin: auto;&#8220; use_border_color=&#8220;off&#8220; border_color=&#8220;#ffffff&#8220; border_style=&#8220;solid&#8220;]<\/p>\n<h2 style=\"color: #f5f5f2;\">Bei Fragen melden Sie sich gerne bei uns.<\/h2>\n<p>&nbsp;<\/p>\n<p>Telefonnummer: <strong>0221 970 12 46<\/strong><\/p>\n<p>E-Mail: <a href=\"mailto:%20schreinerei.mueller@netcologne.de\">schreinerei.mueller@netcologne.de<\/a><\/p>\n<p><a href=\"..\/impressum\">IMPRESSUM<\/a><\/p>\n<p>&nbsp;<br \/>\n[\/et_pb_text][\/et_pb_column][\/et_pb_row][\/et_pb_section]<\/p>\n","protected":false},"excerpt":{"rendered":"<p>Schreinerei &#8211; Georg M\u00fcller Innen &amp; Au\u00dfen Schreinerei &#8211; Georg M\u00fcller \u00a0 \u00a0 Bei Fragen melden Sie sich gerne bei uns. &nbsp; Telefonnummer: 0221 970 12 46 E-Mail: schreinerei.mueller@netcologne.de IMPRESSUM &nbsp;<\/p>\n","protected":false},"author":1,"featured_media":0,"parent":0,"menu_order":0,"comment_status":"closed","ping_status":"closed","template":"","meta":{"_et_pb_use_builder":"on","_et_pb_old_content":"","_et_gb_content_width":"","footnotes":""},"class_list":["post-28610","page","type-page","status-publish","hentry"],"yoast_head":"<!-- This site is optimized with the Yoast SEO plugin v24.4 - https:\/\/yoast.com\/wordpress\/plugins\/seo\/ -->\n<title>Unterseite Innen und Au\u00dfen - Schreinerei Georg M\u00fcller<\/title>\n<meta name=\"robots\" content=\"index, follow, max-snippet:-1, max-image-preview:large, max-video-preview:-1\" \/>\n<link rel=\"canonical\" href=\"http:\/\/schreinereigeorgmueller.de\/index.php\/innen_ausen\/\" \/>\n<meta property=\"og:locale\" content=\"de_DE\" \/>\n<meta property=\"og:type\" content=\"article\" \/>\n<meta property=\"og:title\" content=\"Unterseite Innen und Au\u00dfen - Schreinerei Georg M\u00fcller\" \/>\n<meta property=\"og:description\" content=\"Schreinerei - Georg M\u00fcller Innen &amp; Au\u00dfen Schreinerei - Georg M\u00fcller \u00a0 \u00a0 Bei Fragen melden Sie sich gerne bei uns. &nbsp; Telefonnummer: 0221 970 12 46 E-Mail: schreinerei.mueller@netcologne.de IMPRESSUM &nbsp;\" \/>\n<meta property=\"og:url\" content=\"http:\/\/schreinereigeorgmueller.de\/index.php\/innen_ausen\/\" \/>\n<meta property=\"og:site_name\" content=\"Schreinerei Georg M\u00fcller\" \/>\n<meta property=\"article:modified_time\" content=\"2019-07-27T09:10:17+00:00\" \/>\n<meta name=\"twitter:card\" content=\"summary_large_image\" \/>\n<meta name=\"twitter:label1\" content=\"Gesch\u00e4tzte Lesezeit\" \/>\n\t<meta name=\"twitter:data1\" content=\"4\u00a0Minuten\" \/>\n<script type=\"application\/ld+json\" class=\"yoast-schema-graph\">{\"@context\":\"https:\/\/schema.org\",\"@graph\":[{\"@type\":\"WebPage\",\"@id\":\"http:\/\/schreinereigeorgmueller.de\/index.php\/innen_ausen\/\",\"url\":\"http:\/\/schreinereigeorgmueller.de\/index.php\/innen_ausen\/\",\"name\":\"Unterseite Innen und Au\u00dfen - Schreinerei Georg M\u00fcller\",\"isPartOf\":{\"@id\":\"http:\/\/schreinereigeorgmueller.de\/#website\"},\"datePublished\":\"2018-04-03T18:32:15+00:00\",\"dateModified\":\"2019-07-27T09:10:17+00:00\",\"breadcrumb\":{\"@id\":\"http:\/\/schreinereigeorgmueller.de\/index.php\/innen_ausen\/#breadcrumb\"},\"inLanguage\":\"de\",\"potentialAction\":[{\"@type\":\"ReadAction\",\"target\":[\"http:\/\/schreinereigeorgmueller.de\/index.php\/innen_ausen\/\"]}]},{\"@type\":\"BreadcrumbList\",\"@id\":\"http:\/\/schreinereigeorgmueller.de\/index.php\/innen_ausen\/#breadcrumb\",\"itemListElement\":[{\"@type\":\"ListItem\",\"position\":1,\"name\":\"Startseite\",\"item\":\"http:\/\/schreinereigeorgmueller.de\/\"},{\"@type\":\"ListItem\",\"position\":2,\"name\":\"Unterseite Innen und Au\u00dfen\"}]},{\"@type\":\"WebSite\",\"@id\":\"http:\/\/schreinereigeorgmueller.de\/#website\",\"url\":\"http:\/\/schreinereigeorgmueller.de\/\",\"name\":\"Schreinerei Georg M\u00fcller\",\"description\":\"Schreinerei M\u00fcller im K\u00f6lner Norden\",\"publisher\":{\"@id\":\"http:\/\/schreinereigeorgmueller.de\/#organization\"},\"potentialAction\":[{\"@type\":\"SearchAction\",\"target\":{\"@type\":\"EntryPoint\",\"urlTemplate\":\"http:\/\/schreinereigeorgmueller.de\/?s={search_term_string}\"},\"query-input\":{\"@type\":\"PropertyValueSpecification\",\"valueRequired\":true,\"valueName\":\"search_term_string\"}}],\"inLanguage\":\"de\"},{\"@type\":\"Organization\",\"@id\":\"http:\/\/schreinereigeorgmueller.de\/#organization\",\"name\":\"Schreinerei Georg M\u00fcller\",\"url\":\"http:\/\/schreinereigeorgmueller.de\/\",\"logo\":{\"@type\":\"ImageObject\",\"inLanguage\":\"de\",\"@id\":\"http:\/\/schreinereigeorgmueller.de\/#\/schema\/logo\/image\/\",\"url\":\"https:\/\/schreinereigeorgmueller.de\/wp-content\/uploads\/2018\/03\/logo_georg.png\",\"contentUrl\":\"https:\/\/schreinereigeorgmueller.de\/wp-content\/uploads\/2018\/03\/logo_georg.png\",\"width\":494,\"height\":85,\"caption\":\"Schreinerei Georg M\u00fcller\"},\"image\":{\"@id\":\"http:\/\/schreinereigeorgmueller.de\/#\/schema\/logo\/image\/\"}}]}<\/script>\n<!-- \/ Yoast SEO plugin. -->","yoast_head_json":{"title":"Unterseite Innen und Au\u00dfen - Schreinerei Georg M\u00fcller","robots":{"index":"index","follow":"follow","max-snippet":"max-snippet:-1","max-image-preview":"max-image-preview:large","max-video-preview":"max-video-preview:-1"},"canonical":"http:\/\/schreinereigeorgmueller.de\/index.php\/innen_ausen\/","og_locale":"de_DE","og_type":"article","og_title":"Unterseite Innen und Au\u00dfen - Schreinerei Georg M\u00fcller","og_description":"Schreinerei - Georg M\u00fcller Innen &amp; Au\u00dfen Schreinerei - Georg M\u00fcller \u00a0 \u00a0 Bei Fragen melden Sie sich gerne bei uns. &nbsp; Telefonnummer: 0221 970 12 46 E-Mail: schreinerei.mueller@netcologne.de IMPRESSUM &nbsp;","og_url":"http:\/\/schreinereigeorgmueller.de\/index.php\/innen_ausen\/","og_site_name":"Schreinerei Georg M\u00fcller","article_modified_time":"2019-07-27T09:10:17+00:00","twitter_card":"summary_large_image","twitter_misc":{"Gesch\u00e4tzte Lesezeit":"4\u00a0Minuten"},"schema":{"@context":"https:\/\/schema.org","@graph":[{"@type":"WebPage","@id":"http:\/\/schreinereigeorgmueller.de\/index.php\/innen_ausen\/","url":"http:\/\/schreinereigeorgmueller.de\/index.php\/innen_ausen\/","name":"Unterseite Innen und Au\u00dfen - Schreinerei Georg M\u00fcller","isPartOf":{"@id":"http:\/\/schreinereigeorgmueller.de\/#website"},"datePublished":"2018-04-03T18:32:15+00:00","dateModified":"2019-07-27T09:10:17+00:00","breadcrumb":{"@id":"http:\/\/schreinereigeorgmueller.de\/index.php\/innen_ausen\/#breadcrumb"},"inLanguage":"de","potentialAction":[{"@type":"ReadAction","target":["http:\/\/schreinereigeorgmueller.de\/index.php\/innen_ausen\/"]}]},{"@type":"BreadcrumbList","@id":"http:\/\/schreinereigeorgmueller.de\/index.php\/innen_ausen\/#breadcrumb","itemListElement":[{"@type":"ListItem","position":1,"name":"Startseite","item":"http:\/\/schreinereigeorgmueller.de\/"},{"@type":"ListItem","position":2,"name":"Unterseite Innen und Au\u00dfen"}]},{"@type":"WebSite","@id":"http:\/\/schreinereigeorgmueller.de\/#website","url":"http:\/\/schreinereigeorgmueller.de\/","name":"Schreinerei Georg M\u00fcller","description":"Schreinerei M\u00fcller im K\u00f6lner Norden","publisher":{"@id":"http:\/\/schreinereigeorgmueller.de\/#organization"},"potentialAction":[{"@type":"SearchAction","target":{"@type":"EntryPoint","urlTemplate":"http:\/\/schreinereigeorgmueller.de\/?s={search_term_string}"},"query-input":{"@type":"PropertyValueSpecification","valueRequired":true,"valueName":"search_term_string"}}],"inLanguage":"de"},{"@type":"Organization","@id":"http:\/\/schreinereigeorgmueller.de\/#organization","name":"Schreinerei Georg M\u00fcller","url":"http:\/\/schreinereigeorgmueller.de\/","logo":{"@type":"ImageObject","inLanguage":"de","@id":"http:\/\/schreinereigeorgmueller.de\/#\/schema\/logo\/image\/","url":"https:\/\/schreinereigeorgmueller.de\/wp-content\/uploads\/2018\/03\/logo_georg.png","contentUrl":"https:\/\/schreinereigeorgmueller.de\/wp-content\/uploads\/2018\/03\/logo_georg.png","width":494,"height":85,"caption":"Schreinerei Georg M\u00fcller"},"image":{"@id":"http:\/\/schreinereigeorgmueller.de\/#\/schema\/logo\/image\/"}}]}},"_links":{"self":[{"href":"http:\/\/schreinereigeorgmueller.de\/index.php\/wp-json\/wp\/v2\/pages\/28610","targetHints":{"allow":["GET"]}}],"collection":[{"href":"http:\/\/schreinereigeorgmueller.de\/index.php\/wp-json\/wp\/v2\/pages"}],"about":[{"href":"http:\/\/schreinereigeorgmueller.de\/index.php\/wp-json\/wp\/v2\/types\/page"}],"author":[{"embeddable":true,"href":"http:\/\/schreinereigeorgmueller.de\/index.php\/wp-json\/wp\/v2\/users\/1"}],"replies":[{"embeddable":true,"href":"http:\/\/schreinereigeorgmueller.de\/index.php\/wp-json\/wp\/v2\/comments?post=28610"}],"version-history":[{"count":18,"href":"http:\/\/schreinereigeorgmueller.de\/index.php\/wp-json\/wp\/v2\/pages\/28610\/revisions"}],"predecessor-version":[{"id":28975,"href":"http:\/\/schreinereigeorgmueller.de\/index.php\/wp-json\/wp\/v2\/pages\/28610\/revisions\/28975"}],"wp:attachment":[{"href":"http:\/\/schreinereigeorgmueller.de\/index.php\/wp-json\/wp\/v2\/media?parent=28610"}],"curies":[{"name":"wp","href":"https:\/\/api.w.org\/{rel}","templated":true}]}}